{"id":1017,"date":"2019-03-19T16:16:29","date_gmt":"2019-03-19T17:16:29","guid":{"rendered":"http:\/\/pracadoemigrante.cm-ribeiragrande.pt\/?page_id=1017"},"modified":"2020-02-17T10:25:42","modified_gmt":"2020-02-17T11:25:42","slug":"politica-de-privacidade","status":"publish","type":"page","link":"https:\/\/pracadoemigrante.cm-ribeiragrande.pt\/index.php\/politica-de-privacidade\/","title":{"rendered":"Pol\u00edtica de privacidade"},"content":{"rendered":"\n<h2 class=\"wp-block-heading\"><strong>Quem somos<\/strong><\/h2>\n\n\n\n<p> C\u00e2mara Municipal da Ribeira Grande, e este \u00e9 o nosso site da Pra\u00e7a do Emigrante<\/p>\n\n\n\n<p>O endere\u00e7o do nosso site \u00e9: https:\/\/pracadoemigrante.cm-ribeiragrande.pt<\/p>\n\n\n\n<p><strong>Que dados pessoais s\u00e3o recolhidos e como s\u00e3o recolhidos?<\/strong><\/p>\n\n\n\n<p><strong>Finalidades e fundamentos jur\u00eddicos para tratamento dos dados pessoais<\/strong><\/p>\n\n\n\n<p>(a) A CMRG recolhe o seu nome,  email e n.\u00ba de telefone para que possamos tratar do seu donativo. O fundamento jur\u00eddico para tratar os seus dados para esta finalidade \u00e9 o seu consentimento como titular dos dados. Tamb\u00e9m usamos o seu endere\u00e7o de e-mail porque \u00e9 do interesse leg\u00edtimo da CMRG fornecer-lhe informa\u00e7\u00f5es importantes de como \u00e9 processado o seu donativo  ou ainda, sobre altera\u00e7\u00f5es substanciais a esta Pol\u00edtica de Prote\u00e7\u00e3o de Dados.<\/p>\n\n\n\n<p><strong>Cookies<\/strong><\/p>\n\n\n\n<p>Se deixar um coment\u00e1rio no nosso site pode optar por guardar o seu nome, endere\u00e7o de email e site nos cookies. Isto \u00e9 para sua conveni\u00eancia para n\u00e3o ter de preencher novamente os seus dados quando deixar outro coment\u00e1rio. Estes cookies durar\u00e3o um ano.<\/p>\n\n\n\n<p>Se tem uma conta e iniciar sess\u00e3o neste site, ser\u00e1 configurado um cookie tempor\u00e1rio para determinar se o seu navegador aceita cookies. Este cookie n\u00e3o cont\u00e9m dados pessoais e ser\u00e1 eliminado ao fechar o seu navegador.<\/p>\n\n\n\n<p>Ao iniciar a sess\u00e3o, ser\u00e3o configurados alguns cookies para guardar a sua informa\u00e7\u00e3o de sess\u00e3o e as suas escolhas de visualiza\u00e7\u00e3o de ecr\u00e3. Os cookies de in\u00edcio de sess\u00e3o duram um ano. Se seleccionar \u201cLembrar-me\u201d, a sua sess\u00e3o ir\u00e1 persistir durante duas semanas. Ao terminar a sess\u00e3o, os cookies de inicio de sess\u00e3o ser\u00e3o removidos.<\/p>\n\n\n\n<p>Se editar ou publicar um artigo, ser\u00e1 guardado no seu navegador um cookie adicional. Este cookie n\u00e3o inclui dados pessoais apenas indica o ID de conte\u00fado do artigo que acabou de editar. Expira ao fim de 1 dia.<\/p>\n\n\n\n<p><strong>Conte\u00fado incorporado de outros sites<\/strong><\/p>\n\n\n\n<p>Os artigos neste site podem incluir conte\u00fado incorporado (por exemplo: v\u00eddeos, imagens, artigos, etc.). O conte\u00fado incorporado de outros sites comporta-se tal como se o utilizador visitasse esses sites.<\/p>\n\n\n\n<p>Este site pode recolher dados sobre si (nome de utilizador, palavra passe e email), usar cookies mas n\u00e3o incorpora rastreio feito por terceiros, n\u00e3o monitorizar as suas interac\u00e7\u00f5es com o mesmo, n\u00e3o inclui registos das interac\u00e7\u00f5es com conte\u00fado incorporado se tiver uma conta e estiver com sess\u00e3o iniciada nesse site.<\/p>\n\n\n\n<h2 class=\"wp-block-heading\"><strong>Dados anal\u00edticos<\/strong><\/h2>\n\n\n\n<p><strong>Com quem s\u00e3o partilhados os seus dados?<\/strong><\/p>\n\n\n\n<p>N\u00e3o partilhamos dados.<\/p>\n\n\n\n<p><strong>Por quanto tempo s\u00e3o retidos os seus dados?<\/strong><\/p>\n\n\n\n<p>Se deixar um coment\u00e1rio, o coment\u00e1rio e os seus metadados s\u00e3o guardados indefinidamente. Isto acontece de modo a ser poss\u00edvel reconhecer e aprovar automaticamente quaisquer coment\u00e1rios seguintes, em vez de os colocar numa fila de modera\u00e7\u00e3o.<\/p>\n\n\n\n<p>Para utilizadores que se registem no nosso site (se algum), guardamos a informa\u00e7\u00e3o pessoal fornecida no seu perfil de utilizador. Todos os utilizadores podem ver, editar, ou eliminar a sua informa\u00e7\u00e3o pessoal a qualquer momento (com a excep\u00e7\u00e3o de n\u00e3o poderem alterar o nome de utilizador). Os administradores do site podem tamb\u00e9m ver e editar essa informa\u00e7\u00e3o.<\/p>\n\n\n\n<h2 class=\"wp-block-heading\"><strong>Que direitos tem sobre os seus dados<\/strong><\/h2>\n\n\n\n<p>Se tiver uma conta neste site, ou deixou coment\u00e1rios, pode pedir para receber um ficheiro de exporta\u00e7\u00e3o com os dados pessoais guardados sobre si, incluindo qualquer dado pessoal que indicou. Tamb\u00e9m pode solicitar que os dados guardados sejam eliminados. Isto n\u00e3o inclui qualquer dado pessoal que seja obrigat\u00f3rio manter para fins administrativos, legais ou de seguran\u00e7a.<\/p>\n\n\n\n<p><strong>Para onde s\u00e3o enviados os seus dados?<\/strong><\/p>\n\n\n\n<p>No que diz respeito a este site n\u00e3o recebemos nem enviamos informa\u00e7\u00e3o para terceiros.<\/p>\n\n\n\n<p>Os coment\u00e1rios dos visitantes podem ser verificados atrav\u00e9s de um servi\u00e7o autom\u00e1tico de detec\u00e7\u00e3o de spam.<\/p>\n\n\n\n<p><strong>Como s\u00e3o protegidos os seus dados?<\/strong><\/p>\n\n\n\n<p>Fisicamente os seus dados est\u00e3o guardados num servidor, numa sala fechada dentro de um edif\u00edcio com alarme de intrus\u00e3o. No servidor foram instaladas v\u00e1rias ferramentas de seguran\u00e7a, tais como firewall e antiv\u00edrus. O acesso aos dados \u00e9 controlado por pol\u00edticas de seguran\u00e7a atrav\u00e9s do nome de utilizador e palavra passe. S\u00e3o feitos copias de seguran\u00e7a com regularidade para servidores onsite e offsite.<\/p>\n\n\n\n<p><strong>Procedimentos previstos perante uma viola\u00e7\u00e3o de dados?<\/strong><\/p>\n\n\n\n<p>Embora existam diversas medidas para proteger os dados pessoais e os conte\u00fados dos utilizadores contra perda e uso indevido, bem assim como acesso n\u00e3o autorizado, divulga\u00e7\u00e3o, altera\u00e7\u00e3o e destrui\u00e7\u00e3o, perante a verifica\u00e7\u00e3o de uma viola\u00e7\u00e3o de dados pessoais, os utilizadores cujos dados sejam comprometidos, ser\u00e3o avisados num prazo m\u00e1ximo de 72 horas.&nbsp;<\/p>\n\n\n\n<p><strong>Que decis\u00f5es e\/ou defini\u00e7\u00f5es de perfil automatizadas n\u00f3s fazemos com os dados de utilizador?<\/strong><\/p>\n\n\n\n<p>N\u00e3o se aplica.<\/p>\n\n\n\n<h2 class=\"wp-block-heading\"><strong>Gabinete de Prote\u00e7\u00e3o de Dados<\/strong><\/h2>\n\n\n\n<p>Para o exerc\u00edcio de qualquer tipo de direitos de prote\u00e7\u00e3o de dados e de privacidade ou para qualquer assunto referente aos temas da prote\u00e7\u00e3o de dados, privacidade e seguran\u00e7a da informa\u00e7\u00e3o, os Utilizadores, Destinat\u00e1rios do servi\u00e7o que interagem com o site da Pra\u00e7a do Emigrante  podem entrar em contacto com o respons\u00e1vel pelo tratamento dos dados, nomeadamente com o Gabinete de Prote\u00e7\u00e3o de Dados atrav\u00e9s do correio eletr\u00f3nico protecaodedados@cm-ribeiragrande.pt , descrevendo o assunto do pedido e indicando um endere\u00e7o de correio eletr\u00f3nico, um endere\u00e7o de contacto telef\u00f3nico ou um endere\u00e7o de correspond\u00eancia para resposta.<\/p>\n\n\n\n<p><a href=\"https:\/\/www.cm-ribeiragrande.pt\/privacy\/global\/politicas.php\">Politica geral de privacidade e prote\u00e7\u00e3o de dados.<\/a><\/p>\n","protected":false},"excerpt":{"rendered":"<p>Quem somos C\u00e2mara Municipal da Ribeira Grande, e este \u00e9 o nosso site da Pra\u00e7a do Emigrante O endere\u00e7o do nosso site \u00e9: https:\/\/pracadoemigrante.cm-ribeiragrande.pt Que dados pessoais s\u00e3o recolhidos e como s\u00e3o recolhidos? Finalidades e fundamentos jur\u00eddicos para tratamento dos dados pessoais (a) A CMRG&nbsp;<a class=\"read-more\" href=\"https:\/\/pracadoemigrante.cm-ribeiragrande.pt\/index.php\/politica-de-privacidade\/\">&hellip;<\/a><\/p>\n","protected":false},"author":1,"featured_media":0,"parent":0,"menu_order":0,"comment_status":"closed","ping_status":"closed","template":"","meta":{"footnotes":""},"class_list":["post-1017","page","type-page","status-publish","hentry"],"translation":{"provider":"WPGlobus","version":"3.0.2","language":"pt","enabled_languages":["pt","gb"],"languages":{"pt":{"title":true,"content":true,"excerpt":false},"gb":{"title":false,"content":false,"excerpt":false}}},"yoast_head":"<!-- This site is optimized with the Yoast SEO plugin v27.1.1 - https:\/\/yoast.com\/product\/yoast-seo-wordpress\/ -->\n<title>Pol\u00edtica de privacidade - PRA\u00c7A DO EMIGRANTE<\/title>\n<meta name=\"robots\" content=\"index, follow, max-snippet:-1, max-image-preview:large, max-video-preview:-1\" \/>\n<link rel=\"canonical\" href=\"https:\/\/pracadoemigrante.cm-ribeiragrande.pt\/index.php\/politica-de-privacidade\/\" \/>\n<meta property=\"og:locale\" content=\"pt_PT\" \/>\n<meta property=\"og:type\" content=\"article\" \/>\n<meta property=\"og:title\" content=\"Pol\u00edtica de privacidade - PRA\u00c7A DO EMIGRANTE\" \/>\n<meta property=\"og:url\" content=\"https:\/\/pracadoemigrante.cm-ribeiragrande.pt\/index.php\/politica-de-privacidade\/\" \/>\n<meta property=\"og:site_name\" content=\"PRA\u00c7A DO EMIGRANTE\" \/>\n<meta property=\"article:modified_time\" content=\"2020-02-17T11:25:42+00:00\" \/>\n<meta name=\"twitter:card\" content=\"summary_large_image\" \/>\n<meta name=\"twitter:label1\" content=\"Tempo estimado de leitura\" \/>\n\t<meta name=\"twitter:data1\" content=\"5 minutos\" \/>\n<script type=\"application\/ld+json\" class=\"yoast-schema-graph\">{\"@context\":\"https:\/\/schema.org\",\"@graph\":[{\"@type\":\"WebPage\",\"@id\":\"https:\/\/pracadoemigrante.cm-ribeiragrande.pt\/index.php\/politica-de-privacidade\/\",\"url\":\"https:\/\/pracadoemigrante.cm-ribeiragrande.pt\/index.php\/politica-de-privacidade\/\",\"name\":\"Pol\u00edtica de privacidade - PRA\u00c7A DO EMIGRANTE\",\"isPartOf\":{\"@id\":\"https:\/\/pracadoemigrante.cm-ribeiragrande.pt\/#website\"},\"datePublished\":\"2019-03-19T17:16:29+00:00\",\"dateModified\":\"2020-02-17T11:25:42+00:00\",\"breadcrumb\":{\"@id\":\"https:\/\/pracadoemigrante.cm-ribeiragrande.pt\/index.php\/politica-de-privacidade\/#breadcrumb\"},\"inLanguage\":\"pt-PT\",\"potentialAction\":[{\"@type\":\"ReadAction\",\"target\":[\"https:\/\/pracadoemigrante.cm-ribeiragrande.pt\/index.php\/politica-de-privacidade\/\"]}]},{\"@type\":\"BreadcrumbList\",\"@id\":\"https:\/\/pracadoemigrante.cm-ribeiragrande.pt\/index.php\/politica-de-privacidade\/#breadcrumb\",\"itemListElement\":[{\"@type\":\"ListItem\",\"position\":1,\"name\":\"In\u00edcio\",\"item\":\"https:\/\/pracadoemigrante.cm-ribeiragrande.pt\/\"},{\"@type\":\"ListItem\",\"position\":2,\"name\":\"Pol\u00edtica de privacidade\"}]},{\"@type\":\"WebSite\",\"@id\":\"https:\/\/pracadoemigrante.cm-ribeiragrande.pt\/#website\",\"url\":\"https:\/\/pracadoemigrante.cm-ribeiragrande.pt\/\",\"name\":\"PRA\u00c7A DO EMIGRANTE\",\"description\":\"Pe\u00e7a de Arte P\u00fablica\",\"publisher\":{\"@id\":\"https:\/\/pracadoemigrante.cm-ribeiragrande.pt\/#organization\"},\"potentialAction\":[{\"@type\":\"SearchAction\",\"target\":{\"@type\":\"EntryPoint\",\"urlTemplate\":\"https:\/\/pracadoemigrante.cm-ribeiragrande.pt\/?s={search_term_string}\"},\"query-input\":{\"@type\":\"PropertyValueSpecification\",\"valueRequired\":true,\"valueName\":\"search_term_string\"}}],\"inLanguage\":\"pt-PT\"},{\"@type\":\"Organization\",\"@id\":\"https:\/\/pracadoemigrante.cm-ribeiragrande.pt\/#organization\",\"name\":\"C\u00e2mara Municipal da Ribeira Grande\",\"url\":\"https:\/\/pracadoemigrante.cm-ribeiragrande.pt\/\",\"logo\":{\"@type\":\"ImageObject\",\"inLanguage\":\"pt-PT\",\"@id\":\"https:\/\/pracadoemigrante.cm-ribeiragrande.pt\/#\/schema\/logo\/image\/\",\"url\":\"https:\/\/pracadoemigrante.cm-ribeiragrande.pt\/wp-content\/uploads\/2017\/05\/cropped-cropped-logo_cmrg_ae_wp_200.png\",\"contentUrl\":\"https:\/\/pracadoemigrante.cm-ribeiragrande.pt\/wp-content\/uploads\/2017\/05\/cropped-cropped-logo_cmrg_ae_wp_200.png\",\"width\":200,\"height\":69,\"caption\":\"C\u00e2mara Municipal da Ribeira Grande\"},\"image\":{\"@id\":\"https:\/\/pracadoemigrante.cm-ribeiragrande.pt\/#\/schema\/logo\/image\/\"}}]}<\/script>\n<!-- \/ Yoast SEO plugin. -->","yoast_head_json":{"title":"Pol\u00edtica de privacidade - PRA\u00c7A DO EMIGRANTE","robots":{"index":"index","follow":"follow","max-snippet":"max-snippet:-1","max-image-preview":"max-image-preview:large","max-video-preview":"max-video-preview:-1"},"canonical":"https:\/\/pracadoemigrante.cm-ribeiragrande.pt\/index.php\/politica-de-privacidade\/","og_locale":"pt_PT","og_type":"article","og_title":"Pol\u00edtica de privacidade - PRA\u00c7A DO EMIGRANTE","og_url":"https:\/\/pracadoemigrante.cm-ribeiragrande.pt\/index.php\/politica-de-privacidade\/","og_site_name":"PRA\u00c7A DO EMIGRANTE","article_modified_time":"2020-02-17T11:25:42+00:00","twitter_card":"summary_large_image","twitter_misc":{"Tempo estimado de leitura":"5 minutos"},"schema":{"@context":"https:\/\/schema.org","@graph":[{"@type":"WebPage","@id":"https:\/\/pracadoemigrante.cm-ribeiragrande.pt\/index.php\/politica-de-privacidade\/","url":"https:\/\/pracadoemigrante.cm-ribeiragrande.pt\/index.php\/politica-de-privacidade\/","name":"Pol\u00edtica de privacidade - PRA\u00c7A DO EMIGRANTE","isPartOf":{"@id":"https:\/\/pracadoemigrante.cm-ribeiragrande.pt\/#website"},"datePublished":"2019-03-19T17:16:29+00:00","dateModified":"2020-02-17T11:25:42+00:00","breadcrumb":{"@id":"https:\/\/pracadoemigrante.cm-ribeiragrande.pt\/index.php\/politica-de-privacidade\/#breadcrumb"},"inLanguage":"pt-PT","potentialAction":[{"@type":"ReadAction","target":["https:\/\/pracadoemigrante.cm-ribeiragrande.pt\/index.php\/politica-de-privacidade\/"]}]},{"@type":"BreadcrumbList","@id":"https:\/\/pracadoemigrante.cm-ribeiragrande.pt\/index.php\/politica-de-privacidade\/#breadcrumb","itemListElement":[{"@type":"ListItem","position":1,"name":"In\u00edcio","item":"https:\/\/pracadoemigrante.cm-ribeiragrande.pt\/"},{"@type":"ListItem","position":2,"name":"Pol\u00edtica de privacidade"}]},{"@type":"WebSite","@id":"https:\/\/pracadoemigrante.cm-ribeiragrande.pt\/#website","url":"https:\/\/pracadoemigrante.cm-ribeiragrande.pt\/","name":"PRA\u00c7A DO EMIGRANTE","description":"Pe\u00e7a de Arte P\u00fablica","publisher":{"@id":"https:\/\/pracadoemigrante.cm-ribeiragrande.pt\/#organization"},"potentialAction":[{"@type":"SearchAction","target":{"@type":"EntryPoint","urlTemplate":"https:\/\/pracadoemigrante.cm-ribeiragrande.pt\/?s={search_term_string}"},"query-input":{"@type":"PropertyValueSpecification","valueRequired":true,"valueName":"search_term_string"}}],"inLanguage":"pt-PT"},{"@type":"Organization","@id":"https:\/\/pracadoemigrante.cm-ribeiragrande.pt\/#organization","name":"C\u00e2mara Municipal da Ribeira Grande","url":"https:\/\/pracadoemigrante.cm-ribeiragrande.pt\/","logo":{"@type":"ImageObject","inLanguage":"pt-PT","@id":"https:\/\/pracadoemigrante.cm-ribeiragrande.pt\/#\/schema\/logo\/image\/","url":"https:\/\/pracadoemigrante.cm-ribeiragrande.pt\/wp-content\/uploads\/2017\/05\/cropped-cropped-logo_cmrg_ae_wp_200.png","contentUrl":"https:\/\/pracadoemigrante.cm-ribeiragrande.pt\/wp-content\/uploads\/2017\/05\/cropped-cropped-logo_cmrg_ae_wp_200.png","width":200,"height":69,"caption":"C\u00e2mara Municipal da Ribeira Grande"},"image":{"@id":"https:\/\/pracadoemigrante.cm-ribeiragrande.pt\/#\/schema\/logo\/image\/"}}]}},"_links":{"self":[{"href":"https:\/\/pracadoemigrante.cm-ribeiragrande.pt\/index.php\/wp-json\/wp\/v2\/pages\/1017","targetHints":{"allow":["GET"]}}],"collection":[{"href":"https:\/\/pracadoemigrante.cm-ribeiragrande.pt\/index.php\/wp-json\/wp\/v2\/pages"}],"about":[{"href":"https:\/\/pracadoemigrante.cm-ribeiragrande.pt\/index.php\/wp-json\/wp\/v2\/types\/page"}],"author":[{"embeddable":true,"href":"https:\/\/pracadoemigrante.cm-ribeiragrande.pt\/index.php\/wp-json\/wp\/v2\/users\/1"}],"replies":[{"embeddable":true,"href":"https:\/\/pracadoemigrante.cm-ribeiragrande.pt\/index.php\/wp-json\/wp\/v2\/comments?post=1017"}],"version-history":[{"count":3,"href":"https:\/\/pracadoemigrante.cm-ribeiragrande.pt\/index.php\/wp-json\/wp\/v2\/pages\/1017\/revisions"}],"predecessor-version":[{"id":1116,"href":"https:\/\/pracadoemigrante.cm-ribeiragrande.pt\/index.php\/wp-json\/wp\/v2\/pages\/1017\/revisions\/1116"}],"wp:attachment":[{"href":"https:\/\/pracadoemigrante.cm-ribeiragrande.pt\/index.php\/wp-json\/wp\/v2\/media?parent=1017"}],"curies":[{"name":"wp","href":"https:\/\/api.w.org\/{rel}","templated":true}]}}