{"id":102,"date":"2017-05-03T15:06:11","date_gmt":"2017-05-03T16:06:11","guid":{"rendered":"http:\/\/saudadesdaterra.cm-ribeiragrande.pt\/?page_id=102"},"modified":"2019-03-19T13:58:13","modified_gmt":"2019-03-19T14:58:13","slug":"inicio","status":"publish","type":"page","link":"https:\/\/pracadoemigrante.cm-ribeiragrande.pt\/gb\/","title":{"rendered":"Welcome To EMIGRANT SQUARE"},"content":{"rendered":"<p style=\"text-align: justify;\" align=\"justify\">A Emigra\u00e7\u00e3o e os Emigrantes fazem parte da Ribeira Grande desde sempre.<\/p>\n<p style=\"text-align: justify;\" align=\"justify\">Atento a este fen\u00f3meno, o Munic\u00edpio quer viver de bra\u00e7o dado com todos os que partiram, por op\u00e7\u00e3o ou por necessidade, mas n\u00e3o se esquecem da terra natal.<\/p>\n<p style=\"text-align: justify;\" align=\"justify\">Acolhemos a sede da AEA-Associa\u00e7\u00e3o dos Emigrantes A\u00e7orianos, uma ponte entre a Di\u00e1spora e a terra-m\u00e3e.<\/p>\n<p style=\"text-align: justify;\" align=\"justify\">J\u00e1 t\u00ednhamos erguido o Museu da Emigra\u00e7\u00e3o A\u00e7oriana, um espa\u00e7o de mem\u00f3ria, hist\u00f3ria e cultura da nossa Di\u00e1spora.<\/p>\n<p style=\"text-align: justify;\" align=\"justify\">Cri\u00e1mos o Gabinete de Apoio ao Emigrante para todos os que pretendem investir no concelho e precisam de encontrar uma porta de entrada.<\/p>\n<p style=\"text-align: justify;\" align=\"justify\">Estamos na linha da frente, mas faltava uma homenagem em grande a todos os Emigrantes.<\/p>\n<p style=\"text-align: justify;\" align=\"justify\">Chega com esta imponente <strong>Pra\u00e7a do Emigrante<\/strong>, um espa\u00e7o amplo, onde queremos que todos sintam o orgulho e o carinho que temos pelos nossos Emigrantes.<\/p>\n<p style=\"text-align: justify;\" align=\"justify\">O centro da <strong>Pra\u00e7a do Emigrante<\/strong> \u00e9 ocupado pela pe\u00e7a de arte p\u00fablica <strong>Saudades da Terra<\/strong>, a mesma express\u00e3o que Gaspar Frutuoso \u2013 o nosso primeiro Emigrante ilustre, filho da Ilha de S\u00e3o Miguel e vig\u00e1rio da ent\u00e3o vila da Ribeira Grande \u2013 utilizou no s\u00e9culo XVI, para resumir um sentimento maior, comum aos Emigrantes.<\/p>\n<p style=\"text-align: justify;\" align=\"justify\">A obra \u00e9 dedicada a todos os Ribeira-grandenses e A\u00e7orianos que, ao longo destes s\u00e9culos, sentiram <strong>saudades da terra<\/strong>.<\/p>\n<p style=\"text-align: right;\"><em>ALEXANDRE BRANCO GAUD\u00caNCIO<\/em><\/p>\n<p style=\"text-align: right;\">Presidente da C\u00e2mara Municipal da Ribeira Grande<\/p>\n","protected":false},"excerpt":{"rendered":"<p>A Emigra\u00e7\u00e3o e os Emigrantes fazem parte da Ribeira Grande desde sempre. Atento a este fen\u00f3meno, o Munic\u00edpio quer viver de bra\u00e7o dado com todos os que partiram, por op\u00e7\u00e3o ou por necessidade, mas n\u00e3o se esquecem da terra natal. Acolhemos a sede da AEA-Associa\u00e7\u00e3o&nbsp;<a class=\"read-more\" href=\"https:\/\/pracadoemigrante.cm-ribeiragrande.pt\/gb\/\">&hellip;<\/a><\/p>\n","protected":false},"author":1,"featured_media":0,"parent":0,"menu_order":0,"comment_status":"closed","ping_status":"closed","template":"","meta":{"footnotes":""},"class_list":["post-102","page","type-page","status-publish","hentry"],"translation":{"provider":"WPGlobus","version":"3.0.2","language":"gb","enabled_languages":["pt","gb"],"languages":{"pt":{"title":true,"content":true,"excerpt":false},"gb":{"title":true,"content":false,"excerpt":false}}},"yoast_head":"<!-- This site is optimized with the Yoast SEO plugin v27.1.1 - https:\/\/yoast.com\/product\/yoast-seo-wordpress\/ -->\n<title>Welcome To EMIGRANT SQUARE - EMIGRANT SQUARE<\/title>\n<meta name=\"robots\" content=\"index, follow, max-snippet:-1, max-image-preview:large, max-video-preview:-1\" \/>\n<link rel=\"canonical\" href=\"https:\/\/pracadoemigrante.cm-ribeiragrande.pt\/\" \/>\n<meta property=\"og:locale\" content=\"en_GB\" \/>\n<meta property=\"og:type\" content=\"article\" \/>\n<meta property=\"og:title\" content=\"Welcome To EMIGRANT SQUARE - EMIGRANT SQUARE\" \/>\n<meta property=\"og:url\" content=\"https:\/\/pracadoemigrante.cm-ribeiragrande.pt\/\" \/>\n<meta property=\"og:site_name\" content=\"EMIGRANT SQUARE\" \/>\n<meta property=\"article:modified_time\" content=\"2019-03-19T14:58:13+00:00\" \/>\n<meta name=\"twitter:card\" content=\"summary_large_image\" \/>\n<meta name=\"twitter:label1\" content=\"Est. reading time\" \/>\n\t<meta name=\"twitter:data1\" content=\"1 minute\" \/>\n<script type=\"application\/ld+json\" class=\"yoast-schema-graph\">{\"@context\":\"https:\/\/schema.org\",\"@graph\":[{\"@type\":\"WebPage\",\"@id\":\"https:\/\/pracadoemigrante.cm-ribeiragrande.pt\/\",\"url\":\"https:\/\/pracadoemigrante.cm-ribeiragrande.pt\/\",\"name\":\"Welcome To EMIGRANT SQUARE - EMIGRANT SQUARE\",\"isPartOf\":{\"@id\":\"https:\/\/pracadoemigrante.cm-ribeiragrande.pt\/#website\"},\"datePublished\":\"2017-05-03T16:06:11+00:00\",\"dateModified\":\"2019-03-19T14:58:13+00:00\",\"breadcrumb\":{\"@id\":\"https:\/\/pracadoemigrante.cm-ribeiragrande.pt\/#breadcrumb\"},\"inLanguage\":\"en-GB\",\"potentialAction\":[{\"@type\":\"ReadAction\",\"target\":[\"https:\/\/pracadoemigrante.cm-ribeiragrande.pt\/\"]}]},{\"@type\":\"BreadcrumbList\",\"@id\":\"https:\/\/pracadoemigrante.cm-ribeiragrande.pt\/#breadcrumb\",\"itemListElement\":[{\"@type\":\"ListItem\",\"position\":1,\"name\":\"In\u00edcio\",\"item\":\"https:\/\/pracadoemigrante.cm-ribeiragrande.pt\/\"},{\"@type\":\"ListItem\",\"position\":2,\"name\":\"Bem-vindo \u00e0 PRA\u00c7A DO EMIGRANTE\"}]},{\"@type\":\"WebSite\",\"@id\":\"https:\/\/pracadoemigrante.cm-ribeiragrande.pt\/#website\",\"url\":\"https:\/\/pracadoemigrante.cm-ribeiragrande.pt\/\",\"name\":\"EMIGRANT SQUARE\",\"description\":\"Public Art Piece\",\"publisher\":{\"@id\":\"https:\/\/pracadoemigrante.cm-ribeiragrande.pt\/#organization\"},\"potentialAction\":[{\"@type\":\"SearchAction\",\"target\":{\"@type\":\"EntryPoint\",\"urlTemplate\":\"https:\/\/pracadoemigrante.cm-ribeiragrande.pt\/?s={search_term_string}\"},\"query-input\":{\"@type\":\"PropertyValueSpecification\",\"valueRequired\":true,\"valueName\":\"search_term_string\"}}],\"inLanguage\":\"en-GB\"},{\"@type\":\"Organization\",\"@id\":\"https:\/\/pracadoemigrante.cm-ribeiragrande.pt\/#organization\",\"name\":\"C\u00e2mara Municipal da Ribeira Grande\",\"url\":\"https:\/\/pracadoemigrante.cm-ribeiragrande.pt\/\",\"logo\":{\"@type\":\"ImageObject\",\"inLanguage\":\"en-GB\",\"@id\":\"https:\/\/pracadoemigrante.cm-ribeiragrande.pt\/#\/schema\/logo\/image\/\",\"url\":\"https:\/\/pracadoemigrante.cm-ribeiragrande.pt\/wp-content\/uploads\/2017\/05\/cropped-cropped-logo_cmrg_ae_wp_200.png\",\"contentUrl\":\"https:\/\/pracadoemigrante.cm-ribeiragrande.pt\/wp-content\/uploads\/2017\/05\/cropped-cropped-logo_cmrg_ae_wp_200.png\",\"width\":200,\"height\":69,\"caption\":\"C\u00e2mara Municipal da Ribeira Grande\"},\"image\":{\"@id\":\"https:\/\/pracadoemigrante.cm-ribeiragrande.pt\/#\/schema\/logo\/image\/\"}}]}<\/script>\n<!-- \/ Yoast SEO plugin. -->","yoast_head_json":{"title":"Welcome To EMIGRANT SQUARE - EMIGRANT SQUARE","robots":{"index":"index","follow":"follow","max-snippet":"max-snippet:-1","max-image-preview":"max-image-preview:large","max-video-preview":"max-video-preview:-1"},"canonical":"https:\/\/pracadoemigrante.cm-ribeiragrande.pt\/","og_locale":"en_GB","og_type":"article","og_title":"Welcome To EMIGRANT SQUARE - EMIGRANT SQUARE","og_url":"https:\/\/pracadoemigrante.cm-ribeiragrande.pt\/","og_site_name":"EMIGRANT SQUARE","article_modified_time":"2019-03-19T14:58:13+00:00","twitter_card":"summary_large_image","twitter_misc":{"Est. reading time":"1 minute"},"schema":{"@context":"https:\/\/schema.org","@graph":[{"@type":"WebPage","@id":"https:\/\/pracadoemigrante.cm-ribeiragrande.pt\/","url":"https:\/\/pracadoemigrante.cm-ribeiragrande.pt\/","name":"Welcome To EMIGRANT SQUARE - EMIGRANT SQUARE","isPartOf":{"@id":"https:\/\/pracadoemigrante.cm-ribeiragrande.pt\/#website"},"datePublished":"2017-05-03T16:06:11+00:00","dateModified":"2019-03-19T14:58:13+00:00","breadcrumb":{"@id":"https:\/\/pracadoemigrante.cm-ribeiragrande.pt\/#breadcrumb"},"inLanguage":"en-GB","potentialAction":[{"@type":"ReadAction","target":["https:\/\/pracadoemigrante.cm-ribeiragrande.pt\/"]}]},{"@type":"BreadcrumbList","@id":"https:\/\/pracadoemigrante.cm-ribeiragrande.pt\/#breadcrumb","itemListElement":[{"@type":"ListItem","position":1,"name":"In\u00edcio","item":"https:\/\/pracadoemigrante.cm-ribeiragrande.pt\/"},{"@type":"ListItem","position":2,"name":"Bem-vindo \u00e0 PRA\u00c7A DO EMIGRANTE"}]},{"@type":"WebSite","@id":"https:\/\/pracadoemigrante.cm-ribeiragrande.pt\/#website","url":"https:\/\/pracadoemigrante.cm-ribeiragrande.pt\/","name":"EMIGRANT SQUARE","description":"Public Art Piece","publisher":{"@id":"https:\/\/pracadoemigrante.cm-ribeiragrande.pt\/#organization"},"potentialAction":[{"@type":"SearchAction","target":{"@type":"EntryPoint","urlTemplate":"https:\/\/pracadoemigrante.cm-ribeiragrande.pt\/?s={search_term_string}"},"query-input":{"@type":"PropertyValueSpecification","valueRequired":true,"valueName":"search_term_string"}}],"inLanguage":"en-GB"},{"@type":"Organization","@id":"https:\/\/pracadoemigrante.cm-ribeiragrande.pt\/#organization","name":"C\u00e2mara Municipal da Ribeira Grande","url":"https:\/\/pracadoemigrante.cm-ribeiragrande.pt\/","logo":{"@type":"ImageObject","inLanguage":"en-GB","@id":"https:\/\/pracadoemigrante.cm-ribeiragrande.pt\/#\/schema\/logo\/image\/","url":"https:\/\/pracadoemigrante.cm-ribeiragrande.pt\/wp-content\/uploads\/2017\/05\/cropped-cropped-logo_cmrg_ae_wp_200.png","contentUrl":"https:\/\/pracadoemigrante.cm-ribeiragrande.pt\/wp-content\/uploads\/2017\/05\/cropped-cropped-logo_cmrg_ae_wp_200.png","width":200,"height":69,"caption":"C\u00e2mara Municipal da Ribeira Grande"},"image":{"@id":"https:\/\/pracadoemigrante.cm-ribeiragrande.pt\/#\/schema\/logo\/image\/"}}]}},"_links":{"self":[{"href":"https:\/\/pracadoemigrante.cm-ribeiragrande.pt\/gb\/index.php\/wp-json\/wp\/v2\/pages\/102","targetHints":{"allow":["GET"]}}],"collection":[{"href":"https:\/\/pracadoemigrante.cm-ribeiragrande.pt\/gb\/index.php\/wp-json\/wp\/v2\/pages"}],"about":[{"href":"https:\/\/pracadoemigrante.cm-ribeiragrande.pt\/gb\/index.php\/wp-json\/wp\/v2\/types\/page"}],"author":[{"embeddable":true,"href":"https:\/\/pracadoemigrante.cm-ribeiragrande.pt\/gb\/index.php\/wp-json\/wp\/v2\/users\/1"}],"replies":[{"embeddable":true,"href":"https:\/\/pracadoemigrante.cm-ribeiragrande.pt\/gb\/index.php\/wp-json\/wp\/v2\/comments?post=102"}],"version-history":[{"count":18,"href":"https:\/\/pracadoemigrante.cm-ribeiragrande.pt\/gb\/index.php\/wp-json\/wp\/v2\/pages\/102\/revisions"}],"predecessor-version":[{"id":1014,"href":"https:\/\/pracadoemigrante.cm-ribeiragrande.pt\/gb\/index.php\/wp-json\/wp\/v2\/pages\/102\/revisions\/1014"}],"wp:attachment":[{"href":"https:\/\/pracadoemigrante.cm-ribeiragrande.pt\/gb\/index.php\/wp-json\/wp\/v2\/media?parent=102"}],"curies":[{"name":"wp","href":"https:\/\/api.w.org\/{rel}","templated":true}]}}